{"id":65,"date":"2024-08-28T13:24:04","date_gmt":"2024-08-28T13:24:04","guid":{"rendered":"https:\/\/jsworld.fi\/2024\/?page_id=65"},"modified":"2024-09-05T17:35:05","modified_gmt":"2024-09-05T17:35:05","slug":"pt-palvelut","status":"publish","type":"page","link":"https:\/\/jsworld.fi\/2024\/?page_id=65","title":{"rendered":"PT-palvelut"},"content":{"rendered":"\t\t<div data-elementor-type=\"wp-page\" data-elementor-id=\"65\" class=\"elementor elementor-65\">\n\t\t\t\t<div class=\"elementor-element elementor-element-1acfc281 e-flex e-con-boxed e-con e-parent\" data-id=\"1acfc281\" data-element_type=\"container\" data-e-type=\"container\">\n\t\t\t\t\t<div class=\"e-con-inner\">\n\t\t\t\t<div class=\"elementor-element elementor-element-79e1e59 elementor-widget elementor-widget-video\" data-id=\"79e1e59\" data-element_type=\"widget\" data-e-type=\"widget\" data-settings=\"{&quot;video_type&quot;:&quot;hosted&quot;,&quot;autoplay&quot;:&quot;yes&quot;,&quot;mute&quot;:&quot;yes&quot;,&quot;loop&quot;:&quot;yes&quot;}\" data-widget_type=\"video.default\">\n\t\t\t\t<div class=\"elementor-widget-container\">\n\t\t\t\t\t\t\t<div class=\"e-hosted-video elementor-wrapper elementor-open-inline\">\n\t\t\t\t\t<video class=\"elementor-video\" src=\"https:\/\/jsworld.fi\/2024\/wp-content\/uploads\/2024\/09\/WhatsApp-Video-2024-09-04-at-01.29.22.mp4\" autoplay=\"\" loop=\"\" muted=\"muted\" controlsList=\"nodownload\"><\/video>\n\t\t\t\t<\/div>\n\t\t\t\t\t\t<\/div>\n\t\t\t\t<\/div>\n\t\t\t\t<div class=\"elementor-element elementor-element-630aa7cc elementor-widget elementor-widget-text-editor\" data-id=\"630aa7cc\" data-element_type=\"widget\" data-e-type=\"widget\" data-widget_type=\"text-editor.default\">\n\t\t\t\t<div class=\"elementor-widget-container\">\n\t\t\t\t\t\t\t\t\t<p>Personal training palvelut kattavat laaja-alaisesti liikuntaa, hyvinvointiin sek\u00e4 urheiluun liittyv\u00e4t osa-alueet. Toimimme niin yksil\u00f6 kuin yrityspuolella sek\u00e4 urheiluseurojen ja yhdistysten kanssa. Palvelumme r\u00e4\u00e4t\u00e4l\u00f6id\u00e4\u00e4n tarkkaan joka tahon kanssa erikseen, monipuolisilla alkukartoitusmenetelmill\u00e4. N\u00e4in takaamme optimoidun palvelukokonaisuuden olit sitten nuori, vanha, liikuntarajoitteinen tai urheilija.<\/p>\t\t\t\t\t\t\t\t<\/div>\n\t\t\t\t<\/div>\n\t\t\t\t\t<\/div>\n\t\t\t\t<\/div>\n\t\t<div class=\"elementor-element elementor-element-65c29d6 e-flex e-con-boxed e-con e-parent\" data-id=\"65c29d6\" data-element_type=\"container\" data-e-type=\"container\">\n\t\t\t\t\t<div class=\"e-con-inner\">\n\t\t\t\t<div class=\"elementor-element elementor-element-8701560 elementor-widget elementor-widget-text-editor\" data-id=\"8701560\" data-element_type=\"widget\" data-e-type=\"widget\" data-widget_type=\"text-editor.default\">\n\t\t\t\t<div class=\"elementor-widget-container\">\n\t\t\t\t\t\t\t\t\t<p>Erityisosaamistamme on toiminnallinen harjoittelu. Ammattitaitomme kumpuaa yli 20 vuoden takaa rautaisella tietotaidolla. Nyt k\u00e4\u00e4nt\u00e4m\u00e4\u00e4n uusi sivu el\u00e4m\u00e4ss\u00e4nne ja matka kohti aurinkoisempaa huomista!<\/p>\t\t\t\t\t\t\t\t<\/div>\n\t\t\t\t<\/div>\n\t\t\t\t\t<\/div>\n\t\t\t\t<\/div>\n\t\t\t\t<\/div>\n\t\t","protected":false},"excerpt":{"rendered":"<p>https:\/\/jsworld.fi\/2024\/wp-content\/uploads\/2024\/09\/WhatsApp-Video-2024-09-04-at-01.29.22.mp4 Personal training palvelut kattavat laaja-alaisesti liikuntaa, hyvinvointiin sek\u00e4 urheiluun liittyv\u00e4t osa-alueet. Toimimme niin yksil\u00f6 kuin yrityspuolella sek\u00e4 urheiluseurojen ja yhdistysten kanssa. Palvelumme r\u00e4\u00e4t\u00e4l\u00f6id\u00e4\u00e4n tarkkaan joka tahon kanssa erikseen, monipuolisilla alkukartoitusmenetelmill\u00e4. N\u00e4in takaamme optimoidun palvelukokonaisuuden olit sitten nuori, vanha, liikuntarajoitteinen tai urheilija. Erityisosaamistamme on toiminnallinen harjoittelu. Ammattitaitomme kumpuaa yli 20 vuoden takaa rautaisella tietotaidolla. Nyt [&hellip;]<\/p>\n","protected":false},"author":1,"featured_media":0,"parent":0,"menu_order":0,"comment_status":"closed","ping_status":"closed","template":"","meta":{"footnotes":""},"class_list":["post-65","page","type-page","status-publish","hentry"],"yoast_head":"<!-- This site is optimized with the Yoast SEO plugin v27.5 - https:\/\/yoast.com\/product\/yoast-seo-wordpress\/ -->\n<title>PT-palvelut -<\/title>\n<meta name=\"robots\" content=\"index, follow, max-snippet:-1, max-image-preview:large, max-video-preview:-1\" \/>\n<link rel=\"canonical\" href=\"https:\/\/jsworld.fi\/2024\/?page_id=65\" \/>\n<meta property=\"og:locale\" content=\"en_GB\" \/>\n<meta property=\"og:type\" content=\"article\" \/>\n<meta property=\"og:title\" content=\"PT-palvelut -\" \/>\n<meta property=\"og:description\" content=\"https:\/\/jsworld.fi\/2024\/wp-content\/uploads\/2024\/09\/WhatsApp-Video-2024-09-04-at-01.29.22.mp4 Personal training palvelut kattavat laaja-alaisesti liikuntaa, hyvinvointiin sek\u00e4 urheiluun liittyv\u00e4t osa-alueet. Toimimme niin yksil\u00f6 kuin yrityspuolella sek\u00e4 urheiluseurojen ja yhdistysten kanssa. Palvelumme r\u00e4\u00e4t\u00e4l\u00f6id\u00e4\u00e4n tarkkaan joka tahon kanssa erikseen, monipuolisilla alkukartoitusmenetelmill\u00e4. N\u00e4in takaamme optimoidun palvelukokonaisuuden olit sitten nuori, vanha, liikuntarajoitteinen tai urheilija. Erityisosaamistamme on toiminnallinen harjoittelu. Ammattitaitomme kumpuaa yli 20 vuoden takaa rautaisella tietotaidolla. Nyt [&hellip;]\" \/>\n<meta property=\"og:url\" content=\"https:\/\/jsworld.fi\/2024\/?page_id=65\" \/>\n<meta property=\"article:publisher\" content=\"https:\/\/www.facebook.com\/JSWorldPersonalTraining\/\" \/>\n<meta property=\"article:modified_time\" content=\"2024-09-05T17:35:05+00:00\" \/>\n<meta name=\"twitter:card\" content=\"summary_large_image\" \/>\n<meta name=\"twitter:label1\" content=\"Estimated reading time\" \/>\n\t<meta name=\"twitter:data1\" content=\"1 minute\" \/>\n<script type=\"application\/ld+json\" class=\"yoast-schema-graph\">{\"@context\":\"https:\\\/\\\/schema.org\",\"@graph\":[{\"@type\":\"WebPage\",\"@id\":\"https:\\\/\\\/jsworld.fi\\\/2024\\\/?page_id=65\",\"url\":\"https:\\\/\\\/jsworld.fi\\\/2024\\\/?page_id=65\",\"name\":\"PT-palvelut -\",\"isPartOf\":{\"@id\":\"https:\\\/\\\/jsworld.fi\\\/2024\\\/#website\"},\"datePublished\":\"2024-08-28T13:24:04+00:00\",\"dateModified\":\"2024-09-05T17:35:05+00:00\",\"breadcrumb\":{\"@id\":\"https:\\\/\\\/jsworld.fi\\\/2024\\\/?page_id=65#breadcrumb\"},\"inLanguage\":\"en-GB\",\"potentialAction\":[{\"@type\":\"ReadAction\",\"target\":[\"https:\\\/\\\/jsworld.fi\\\/2024\\\/?page_id=65\"]}]},{\"@type\":\"BreadcrumbList\",\"@id\":\"https:\\\/\\\/jsworld.fi\\\/2024\\\/?page_id=65#breadcrumb\",\"itemListElement\":[{\"@type\":\"ListItem\",\"position\":1,\"name\":\"Etusivu\",\"item\":\"https:\\\/\\\/jsworld.fi\\\/2024\\\/\"},{\"@type\":\"ListItem\",\"position\":2,\"name\":\"PT-palvelut\"}]},{\"@type\":\"WebSite\",\"@id\":\"https:\\\/\\\/jsworld.fi\\\/2024\\\/#website\",\"url\":\"https:\\\/\\\/jsworld.fi\\\/2024\\\/\",\"name\":\"JSWorld\",\"description\":\"Ammattimaista valmennusta vuodesta 1994\",\"publisher\":{\"@id\":\"https:\\\/\\\/jsworld.fi\\\/2024\\\/#organization\"},\"potentialAction\":[{\"@type\":\"SearchAction\",\"target\":{\"@type\":\"EntryPoint\",\"urlTemplate\":\"https:\\\/\\\/jsworld.fi\\\/2024\\\/?s={search_term_string}\"},\"query-input\":{\"@type\":\"PropertyValueSpecification\",\"valueRequired\":true,\"valueName\":\"search_term_string\"}}],\"inLanguage\":\"en-GB\"},{\"@type\":\"Organization\",\"@id\":\"https:\\\/\\\/jsworld.fi\\\/2024\\\/#organization\",\"name\":\"JSWorld\",\"url\":\"https:\\\/\\\/jsworld.fi\\\/2024\\\/\",\"logo\":{\"@type\":\"ImageObject\",\"inLanguage\":\"en-GB\",\"@id\":\"https:\\\/\\\/jsworld.fi\\\/2024\\\/#\\\/schema\\\/logo\\\/image\\\/\",\"url\":\"https:\\\/\\\/jsworld.fi\\\/2024\\\/wp-content\\\/uploads\\\/2024\\\/08\\\/LOGO-JS-WORLD-2024.png\",\"contentUrl\":\"https:\\\/\\\/jsworld.fi\\\/2024\\\/wp-content\\\/uploads\\\/2024\\\/08\\\/LOGO-JS-WORLD-2024.png\",\"width\":300,\"height\":120,\"caption\":\"JSWorld\"},\"image\":{\"@id\":\"https:\\\/\\\/jsworld.fi\\\/2024\\\/#\\\/schema\\\/logo\\\/image\\\/\"},\"sameAs\":[\"https:\\\/\\\/www.facebook.com\\\/JSWorldPersonalTraining\\\/\",\"https:\\\/\\\/www.instagram.com\\\/janne.sarmakari\\\/\"]}]}<\/script>\n<!-- \/ Yoast SEO plugin. -->","yoast_head_json":{"title":"PT-palvelut -","robots":{"index":"index","follow":"follow","max-snippet":"max-snippet:-1","max-image-preview":"max-image-preview:large","max-video-preview":"max-video-preview:-1"},"canonical":"https:\/\/jsworld.fi\/2024\/?page_id=65","og_locale":"en_GB","og_type":"article","og_title":"PT-palvelut -","og_description":"https:\/\/jsworld.fi\/2024\/wp-content\/uploads\/2024\/09\/WhatsApp-Video-2024-09-04-at-01.29.22.mp4 Personal training palvelut kattavat laaja-alaisesti liikuntaa, hyvinvointiin sek\u00e4 urheiluun liittyv\u00e4t osa-alueet. Toimimme niin yksil\u00f6 kuin yrityspuolella sek\u00e4 urheiluseurojen ja yhdistysten kanssa. Palvelumme r\u00e4\u00e4t\u00e4l\u00f6id\u00e4\u00e4n tarkkaan joka tahon kanssa erikseen, monipuolisilla alkukartoitusmenetelmill\u00e4. N\u00e4in takaamme optimoidun palvelukokonaisuuden olit sitten nuori, vanha, liikuntarajoitteinen tai urheilija. Erityisosaamistamme on toiminnallinen harjoittelu. Ammattitaitomme kumpuaa yli 20 vuoden takaa rautaisella tietotaidolla. Nyt [&hellip;]","og_url":"https:\/\/jsworld.fi\/2024\/?page_id=65","article_publisher":"https:\/\/www.facebook.com\/JSWorldPersonalTraining\/","article_modified_time":"2024-09-05T17:35:05+00:00","twitter_card":"summary_large_image","twitter_misc":{"Estimated reading time":"1 minute"},"schema":{"@context":"https:\/\/schema.org","@graph":[{"@type":"WebPage","@id":"https:\/\/jsworld.fi\/2024\/?page_id=65","url":"https:\/\/jsworld.fi\/2024\/?page_id=65","name":"PT-palvelut -","isPartOf":{"@id":"https:\/\/jsworld.fi\/2024\/#website"},"datePublished":"2024-08-28T13:24:04+00:00","dateModified":"2024-09-05T17:35:05+00:00","breadcrumb":{"@id":"https:\/\/jsworld.fi\/2024\/?page_id=65#breadcrumb"},"inLanguage":"en-GB","potentialAction":[{"@type":"ReadAction","target":["https:\/\/jsworld.fi\/2024\/?page_id=65"]}]},{"@type":"BreadcrumbList","@id":"https:\/\/jsworld.fi\/2024\/?page_id=65#breadcrumb","itemListElement":[{"@type":"ListItem","position":1,"name":"Etusivu","item":"https:\/\/jsworld.fi\/2024\/"},{"@type":"ListItem","position":2,"name":"PT-palvelut"}]},{"@type":"WebSite","@id":"https:\/\/jsworld.fi\/2024\/#website","url":"https:\/\/jsworld.fi\/2024\/","name":"JSWorld","description":"Ammattimaista valmennusta vuodesta 1994","publisher":{"@id":"https:\/\/jsworld.fi\/2024\/#organization"},"potentialAction":[{"@type":"SearchAction","target":{"@type":"EntryPoint","urlTemplate":"https:\/\/jsworld.fi\/2024\/?s={search_term_string}"},"query-input":{"@type":"PropertyValueSpecification","valueRequired":true,"valueName":"search_term_string"}}],"inLanguage":"en-GB"},{"@type":"Organization","@id":"https:\/\/jsworld.fi\/2024\/#organization","name":"JSWorld","url":"https:\/\/jsworld.fi\/2024\/","logo":{"@type":"ImageObject","inLanguage":"en-GB","@id":"https:\/\/jsworld.fi\/2024\/#\/schema\/logo\/image\/","url":"https:\/\/jsworld.fi\/2024\/wp-content\/uploads\/2024\/08\/LOGO-JS-WORLD-2024.png","contentUrl":"https:\/\/jsworld.fi\/2024\/wp-content\/uploads\/2024\/08\/LOGO-JS-WORLD-2024.png","width":300,"height":120,"caption":"JSWorld"},"image":{"@id":"https:\/\/jsworld.fi\/2024\/#\/schema\/logo\/image\/"},"sameAs":["https:\/\/www.facebook.com\/JSWorldPersonalTraining\/","https:\/\/www.instagram.com\/janne.sarmakari\/"]}]}},"_links":{"self":[{"href":"https:\/\/jsworld.fi\/2024\/index.php?rest_route=\/wp\/v2\/pages\/65","targetHints":{"allow":["GET"]}}],"collection":[{"href":"https:\/\/jsworld.fi\/2024\/index.php?rest_route=\/wp\/v2\/pages"}],"about":[{"href":"https:\/\/jsworld.fi\/2024\/index.php?rest_route=\/wp\/v2\/types\/page"}],"author":[{"embeddable":true,"href":"https:\/\/jsworld.fi\/2024\/index.php?rest_route=\/wp\/v2\/users\/1"}],"replies":[{"embeddable":true,"href":"https:\/\/jsworld.fi\/2024\/index.php?rest_route=%2Fwp%2Fv2%2Fcomments&post=65"}],"version-history":[{"count":19,"href":"https:\/\/jsworld.fi\/2024\/index.php?rest_route=\/wp\/v2\/pages\/65\/revisions"}],"predecessor-version":[{"id":254,"href":"https:\/\/jsworld.fi\/2024\/index.php?rest_route=\/wp\/v2\/pages\/65\/revisions\/254"}],"wp:attachment":[{"href":"https:\/\/jsworld.fi\/2024\/index.php?rest_route=%2Fwp%2Fv2%2Fmedia&parent=65"}],"curies":[{"name":"wp","href":"https:\/\/api.w.org\/{rel}","templated":true}]}}