{"id":147,"date":"2024-09-03T17:22:27","date_gmt":"2024-09-03T17:22:27","guid":{"rendered":"https:\/\/jsworld.fi\/2024\/?page_id=147"},"modified":"2024-09-03T19:01:18","modified_gmt":"2024-09-03T19:01:18","slug":"kokemuksia","status":"publish","type":"page","link":"https:\/\/jsworld.fi\/2024\/?page_id=147","title":{"rendered":"Kokemuksia"},"content":{"rendered":"\t\t<div data-elementor-type=\"wp-page\" data-elementor-id=\"147\" class=\"elementor elementor-147\">\n\t\t\t\t<div class=\"elementor-element elementor-element-200005f e-flex e-con-boxed e-con e-parent\" data-id=\"200005f\" data-element_type=\"container\" data-e-type=\"container\">\n\t\t\t\t\t<div class=\"e-con-inner\">\n\t\t\t\t<div class=\"elementor-element elementor-element-19db6a1 xpro-testimonial-layout-6 xpro-testimonial-align-left xpro-testimonial-align--mobilecenter elementor-widget elementor-widget-xpro-testimonial\" data-id=\"19db6a1\" data-element_type=\"widget\" data-e-type=\"widget\" data-widget_type=\"xpro-testimonial.default\">\n\t\t\t\t<div class=\"elementor-widget-container\">\n\t\t\t\t\t<div class=\"xpro-testimonial-wrap\">\n\n<div class=\"xpro-testimonial-inner-wrapper\"><div class=\"xpro-testimonial-content\">\n\n\t\n\t\n\t\t\t<div class=\"xpro-testimonial-description\">\n\t\t\t<b>Petra tiputti 50 kiloa 50 viikossa!<\/b><br><br>\n<img decoding=\"async\" src=\"https:\/\/jsworld.fi\/2024\/wp-content\/uploads\/2024\/09\/petrakinnula_content.jpg\" width=\"200px\" height=\"200px\"><br><br>\n\"Suurin saavutukseni on se, ett\u00e4 olen onnistunut pit\u00e4m\u00e4\u00e4n uudet el\u00e4m\u00e4ntavat ja paino ei ole noussut 2,5 vuotta muutoksen aloittamisen j\u00e4lkeen.<br><br>\n\nIlman Janne S\u00e4rm\u00e4karin apua en olisi pystynyt muuttamaan el\u00e4m\u00e4ntapojani pysyv\u00e4sti!\"\t\t<\/div>\n\t\n\t<\/div>\n<div class=\"xpro-testimonial-author\">\n\t\t\t\t\t\t<div class=\"xpro-testimonial-image\">\n\t\t\t\t<img fetchpriority=\"high\" decoding=\"async\" width=\"300\" height=\"290\" src=\"https:\/\/jsworld.fi\/2024\/wp-content\/uploads\/2024\/09\/petrakinnula_nelio-300x290.png\" class=\"attachment-medium size-medium\" alt=\"\" srcset=\"https:\/\/jsworld.fi\/2024\/wp-content\/uploads\/2024\/09\/petrakinnula_nelio-300x290.png 300w, https:\/\/jsworld.fi\/2024\/wp-content\/uploads\/2024\/09\/petrakinnula_nelio.png 702w\" sizes=\"(max-width: 300px) 100vw, 300px\" \/>\t\t\t<\/div>\n\t\t\t\t\t<div class=\"xpro-testimonial-author-bio\">\n\t\t\t\t<h3\t\tclass=\"xpro-testimonial-title\">Petra Kinnula (linkki)<\/h3>\n\t\t\t\t<h4 class=\"xpro-testimonial-designation\">Yksityishenkil\u00f6<\/h4>\n\t<\/div>\n<\/div>\n<\/div><\/div>\t\t\t\t<\/div>\n\t\t\t\t<\/div>\n\t\t\t\t<div class=\"elementor-element elementor-element-e18b798 elementor-widget-divider--view-line elementor-widget elementor-widget-divider\" data-id=\"e18b798\" data-element_type=\"widget\" data-e-type=\"widget\" data-widget_type=\"divider.default\">\n\t\t\t\t<div class=\"elementor-widget-container\">\n\t\t\t\t\t\t\t<div class=\"elementor-divider\">\n\t\t\t<span class=\"elementor-divider-separator\">\n\t\t\t\t\t\t<\/span>\n\t\t<\/div>\n\t\t\t\t\t\t<\/div>\n\t\t\t\t<\/div>\n\t\t\t\t<div class=\"elementor-element elementor-element-76b1c97 xpro-testimonial-layout-6 xpro-testimonial-align-left e-transform e-transform xpro-testimonial-align--mobilecenter elementor-widget elementor-widget-xpro-testimonial\" data-id=\"76b1c97\" data-element_type=\"widget\" data-e-type=\"widget\" data-settings=\"{&quot;_transform_translateX_effect&quot;:{&quot;unit&quot;:&quot;px&quot;,&quot;size&quot;:0,&quot;sizes&quot;:[]},&quot;_transform_skewX_effect&quot;:{&quot;unit&quot;:&quot;px&quot;,&quot;size&quot;:0,&quot;sizes&quot;:[]},&quot;_transform_skewY_effect&quot;:{&quot;unit&quot;:&quot;px&quot;,&quot;size&quot;:0,&quot;sizes&quot;:[]},&quot;_transform_translateX_effect_tablet&quot;:{&quot;unit&quot;:&quot;px&quot;,&quot;size&quot;:&quot;&quot;,&quot;sizes&quot;:[]},&quot;_transform_translateX_effect_mobile&quot;:{&quot;unit&quot;:&quot;px&quot;,&quot;size&quot;:&quot;&quot;,&quot;sizes&quot;:[]},&quot;_transform_translateY_effect&quot;:{&quot;unit&quot;:&quot;px&quot;,&quot;size&quot;:&quot;&quot;,&quot;sizes&quot;:[]},&quot;_transform_translateY_effect_tablet&quot;:{&quot;unit&quot;:&quot;px&quot;,&quot;size&quot;:&quot;&quot;,&quot;sizes&quot;:[]},&quot;_transform_translateY_effect_mobile&quot;:{&quot;unit&quot;:&quot;px&quot;,&quot;size&quot;:&quot;&quot;,&quot;sizes&quot;:[]},&quot;_transform_skewX_effect_tablet&quot;:{&quot;unit&quot;:&quot;deg&quot;,&quot;size&quot;:&quot;&quot;,&quot;sizes&quot;:[]},&quot;_transform_skewX_effect_mobile&quot;:{&quot;unit&quot;:&quot;deg&quot;,&quot;size&quot;:&quot;&quot;,&quot;sizes&quot;:[]},&quot;_transform_skewY_effect_tablet&quot;:{&quot;unit&quot;:&quot;deg&quot;,&quot;size&quot;:&quot;&quot;,&quot;sizes&quot;:[]},&quot;_transform_skewY_effect_mobile&quot;:{&quot;unit&quot;:&quot;deg&quot;,&quot;size&quot;:&quot;&quot;,&quot;sizes&quot;:[]}}\" data-widget_type=\"xpro-testimonial.default\">\n\t\t\t\t<div class=\"elementor-widget-container\">\n\t\t\t\t\t<div class=\"xpro-testimonial-wrap\">\n\n<div class=\"xpro-testimonial-inner-wrapper\"><div class=\"xpro-testimonial-content\">\n\n\t\n\t\n\t\t\t<div class=\"xpro-testimonial-description\">\n\t\t\tYrityksemme on k\u00e4ytt\u00e4nyt Janne S\u00e4rm\u00e4karin tuottamia PT-palveluita usean vuoden ajan. Janne on positiivinen ja innostava valmentaja, jonka avulla useat ty\u00f6ntekij\u00e4mme ovat ymm\u00e4rt\u00e4neet liikunnan ja ravinnon merkityksen oman henkisen ja fyysisen kunnon perustana. Suosittelen Jannea mielell\u00e4ni muillekin vastaaviin projekteihin.\n\t\t<\/div>\n\t\n\t<\/div>\n<div class=\"xpro-testimonial-author\">\n\t\t\t\t\t\t<div class=\"xpro-testimonial-image\">\n\t\t\t\t<img decoding=\"async\" width=\"150\" height=\"150\" src=\"https:\/\/jsworld.fi\/2024\/wp-content\/uploads\/2024\/09\/S_Group-Logo.wine_-150x150.png\" class=\"attachment-thumbnail size-thumbnail\" alt=\"\" \/>\t\t\t<\/div>\n\t\t\t\t\t<div class=\"xpro-testimonial-author-bio\">\n\t\t\t\t<h3\t\tclass=\"xpro-testimonial-title\">Arttu Salmi<\/h3>\n\t\t\t\t<h4 class=\"xpro-testimonial-designation\">Kymen Seudun Osuuskauppa<\/h4>\n\t<\/div>\n<\/div>\n<\/div><\/div>\t\t\t\t<\/div>\n\t\t\t\t<\/div>\n\t\t\t\t<div class=\"elementor-element elementor-element-d2a7e3d elementor-widget-divider--view-line elementor-widget elementor-widget-divider\" data-id=\"d2a7e3d\" data-element_type=\"widget\" data-e-type=\"widget\" data-widget_type=\"divider.default\">\n\t\t\t\t<div class=\"elementor-widget-container\">\n\t\t\t\t\t\t\t<div class=\"elementor-divider\">\n\t\t\t<span class=\"elementor-divider-separator\">\n\t\t\t\t\t\t<\/span>\n\t\t<\/div>\n\t\t\t\t\t\t<\/div>\n\t\t\t\t<\/div>\n\t\t\t\t<div class=\"elementor-element elementor-element-96a6e58 xpro-testimonial-layout-6 xpro-testimonial-align-left xpro-testimonial-align--mobilecenter elementor-widget elementor-widget-xpro-testimonial\" data-id=\"96a6e58\" data-element_type=\"widget\" data-e-type=\"widget\" data-widget_type=\"xpro-testimonial.default\">\n\t\t\t\t<div class=\"elementor-widget-container\">\n\t\t\t\t\t<div class=\"xpro-testimonial-wrap\">\n\n<div class=\"xpro-testimonial-inner-wrapper\"><div class=\"xpro-testimonial-content\">\n\n\t\n\t\n\t\t\t<div class=\"xpro-testimonial-description\">\n\t\t\t66-vuotias Hannele \u201cHansu\u201d Rouvinen laihtui 20 kiloa ja nostaa nyt hurjan m\u00e4\u00e4r\u00e4n rautaa. -Iltalehti.<br><br><a href=\"https:\/\/www.iltalehti.fi\/fitnessvoimailu\/a\/de466d94-a6f1-4f6e-86ec-c2d675714052\">Linkki Iltalehden artikkeliin<\/a>\t\t<\/div>\n\t\n\t<\/div>\n<div class=\"xpro-testimonial-author\">\n\t\t\t\t\t\t<div class=\"xpro-testimonial-image\">\n\t\t\t\t<img decoding=\"async\" width=\"300\" height=\"274\" src=\"https:\/\/jsworld.fi\/2024\/wp-content\/uploads\/2024\/09\/hannelerouvinen_nelio-300x274.png\" class=\"attachment-medium size-medium\" alt=\"\" srcset=\"https:\/\/jsworld.fi\/2024\/wp-content\/uploads\/2024\/09\/hannelerouvinen_nelio-300x274.png 300w, https:\/\/jsworld.fi\/2024\/wp-content\/uploads\/2024\/09\/hannelerouvinen_nelio.png 614w\" sizes=\"(max-width: 300px) 100vw, 300px\" \/>\t\t\t<\/div>\n\t\t\t\t\t<div class=\"xpro-testimonial-author-bio\">\n\t\t\t\t<h3\t\tclass=\"xpro-testimonial-title\">Hannele Rouvinen<\/h3>\n\t\t\t\t<h4 class=\"xpro-testimonial-designation\">Yksityishenkil\u00f6<\/h4>\n\t<\/div>\n<\/div>\n<\/div><\/div>\t\t\t\t<\/div>\n\t\t\t\t<\/div>\n\t\t\t\t<div class=\"elementor-element elementor-element-32973eb elementor-widget-divider--view-line elementor-widget elementor-widget-divider\" data-id=\"32973eb\" data-element_type=\"widget\" data-e-type=\"widget\" data-widget_type=\"divider.default\">\n\t\t\t\t<div class=\"elementor-widget-container\">\n\t\t\t\t\t\t\t<div class=\"elementor-divider\">\n\t\t\t<span class=\"elementor-divider-separator\">\n\t\t\t\t\t\t<\/span>\n\t\t<\/div>\n\t\t\t\t\t\t<\/div>\n\t\t\t\t<\/div>\n\t\t\t\t<div class=\"elementor-element elementor-element-7400500 xpro-testimonial-layout-6 xpro-testimonial-align-left xpro-testimonial-align--mobilecenter elementor-widget elementor-widget-xpro-testimonial\" data-id=\"7400500\" data-element_type=\"widget\" data-e-type=\"widget\" data-widget_type=\"xpro-testimonial.default\">\n\t\t\t\t<div class=\"elementor-widget-container\">\n\t\t\t\t\t<div class=\"xpro-testimonial-wrap\">\n\n<div class=\"xpro-testimonial-inner-wrapper\"><div class=\"xpro-testimonial-content\">\n\n\t\n\t\n\t\t\t<div class=\"xpro-testimonial-description\">\n\t\t\tJanne ohjaa usealla sektorilla vuosien ammattitaidolla. H\u00e4nen kykyns\u00e4 yhdist\u00e4\u00e4 erilaisia treenimuotoja ja -lajeja samaan urheiluhetkeen on erinomainen. Tyls\u00e4\u00e4 ei tule miss\u00e4\u00e4n vaiheessa. Loukkaantumiset ym. urheilua haittaavat vammautumiset ovat ik\u00e4v\u00e4 kyll\u00e4 osana joka p\u00e4iv\u00e4st\u00e4 liikkumistamme. Janne osaa ohjata oikeisiin osoitteisiin jatkotutkimuksiin, jotta emme tekisi v\u00e4\u00e4ri\u00e4 asioita ja ongelmamme pahenisivat. Minua h\u00e4n on h\u00f6ykytt\u00e4nyt jo pitk\u00e4\u00e4n ja olen eritt\u00e4in tyytyv\u00e4inen tuloksiin.\t\t<\/div>\n\t\n\t<\/div>\n<div class=\"xpro-testimonial-author\">\n\t\t\t\t\t\t<div class=\"xpro-testimonial-image\">\n\t\t\t\t<img loading=\"lazy\" decoding=\"async\" width=\"150\" height=\"150\" src=\"https:\/\/jsworld.fi\/2024\/wp-content\/uploads\/2024\/08\/arvostelija-ikoni-1-150x150.png\" class=\"attachment-thumbnail size-thumbnail\" alt=\"\" srcset=\"https:\/\/jsworld.fi\/2024\/wp-content\/uploads\/2024\/08\/arvostelija-ikoni-1-150x150.png 150w, https:\/\/jsworld.fi\/2024\/wp-content\/uploads\/2024\/08\/arvostelija-ikoni-1.png 300w\" sizes=\"(max-width: 150px) 100vw, 150px\" \/>\t\t\t<\/div>\n\t\t\t\t\t<div class=\"xpro-testimonial-author-bio\">\n\t\t\t\t<h3\t\tclass=\"xpro-testimonial-title\">Risto Vainikainen<\/h3>\n\t\t\t\t<h4 class=\"xpro-testimonial-designation\">Osteopaatti<\/h4>\n\t<\/div>\n<\/div>\n<\/div><\/div>\t\t\t\t<\/div>\n\t\t\t\t<\/div>\n\t\t\t\t\t<\/div>\n\t\t\t\t<\/div>\n\t\t\t\t<\/div>\n\t\t","protected":false},"excerpt":{"rendered":"<p>Petra tiputti 50 kiloa 50 viikossa! &#8220;Suurin saavutukseni on se, ett\u00e4 olen onnistunut pit\u00e4m\u00e4\u00e4n uudet el\u00e4m\u00e4ntavat ja paino ei ole noussut 2,5 vuotta muutoksen aloittamisen j\u00e4lkeen. Ilman Janne S\u00e4rm\u00e4karin apua en olisi pystynyt muuttamaan el\u00e4m\u00e4ntapojani pysyv\u00e4sti!&#8221; Petra Kinnula (linkki) Yksityishenkil\u00f6 Yrityksemme on k\u00e4ytt\u00e4nyt Janne S\u00e4rm\u00e4karin tuottamia PT-palveluita usean vuoden ajan. Janne on positiivinen ja innostava [&hellip;]<\/p>\n","protected":false},"author":1,"featured_media":0,"parent":0,"menu_order":0,"comment_status":"closed","ping_status":"closed","template":"","meta":{"footnotes":""},"class_list":["post-147","page","type-page","status-publish","hentry"],"yoast_head":"<!-- This site is optimized with the Yoast SEO plugin v27.5 - https:\/\/yoast.com\/product\/yoast-seo-wordpress\/ -->\n<title>Kokemuksia -<\/title>\n<meta name=\"robots\" content=\"index, follow, max-snippet:-1, max-image-preview:large, max-video-preview:-1\" \/>\n<link rel=\"canonical\" href=\"https:\/\/jsworld.fi\/2024\/?page_id=147\" \/>\n<meta property=\"og:locale\" content=\"en_GB\" \/>\n<meta property=\"og:type\" content=\"article\" \/>\n<meta property=\"og:title\" content=\"Kokemuksia -\" \/>\n<meta property=\"og:description\" content=\"Petra tiputti 50 kiloa 50 viikossa! &#8220;Suurin saavutukseni on se, ett\u00e4 olen onnistunut pit\u00e4m\u00e4\u00e4n uudet el\u00e4m\u00e4ntavat ja paino ei ole noussut 2,5 vuotta muutoksen aloittamisen j\u00e4lkeen. Ilman Janne S\u00e4rm\u00e4karin apua en olisi pystynyt muuttamaan el\u00e4m\u00e4ntapojani pysyv\u00e4sti!&#8221; Petra Kinnula (linkki) Yksityishenkil\u00f6 Yrityksemme on k\u00e4ytt\u00e4nyt Janne S\u00e4rm\u00e4karin tuottamia PT-palveluita usean vuoden ajan. Janne on positiivinen ja innostava [&hellip;]\" \/>\n<meta property=\"og:url\" content=\"https:\/\/jsworld.fi\/2024\/?page_id=147\" \/>\n<meta property=\"article:publisher\" content=\"https:\/\/www.facebook.com\/JSWorldPersonalTraining\/\" \/>\n<meta property=\"article:modified_time\" content=\"2024-09-03T19:01:18+00:00\" \/>\n<meta property=\"og:image\" content=\"https:\/\/jsworld.fi\/2024\/wp-content\/uploads\/2024\/09\/petrakinnula_content.jpg\" \/>\n<meta name=\"twitter:card\" content=\"summary_large_image\" \/>\n<meta name=\"twitter:label1\" content=\"Estimated reading time\" \/>\n\t<meta name=\"twitter:data1\" content=\"2 minutes\" \/>\n<script type=\"application\/ld+json\" class=\"yoast-schema-graph\">{\"@context\":\"https:\\\/\\\/schema.org\",\"@graph\":[{\"@type\":\"WebPage\",\"@id\":\"https:\\\/\\\/jsworld.fi\\\/2024\\\/?page_id=147\",\"url\":\"https:\\\/\\\/jsworld.fi\\\/2024\\\/?page_id=147\",\"name\":\"Kokemuksia -\",\"isPartOf\":{\"@id\":\"https:\\\/\\\/jsworld.fi\\\/2024\\\/#website\"},\"primaryImageOfPage\":{\"@id\":\"https:\\\/\\\/jsworld.fi\\\/2024\\\/?page_id=147#primaryimage\"},\"image\":{\"@id\":\"https:\\\/\\\/jsworld.fi\\\/2024\\\/?page_id=147#primaryimage\"},\"thumbnailUrl\":\"https:\\\/\\\/jsworld.fi\\\/2024\\\/wp-content\\\/uploads\\\/2024\\\/09\\\/petrakinnula_content.jpg\",\"datePublished\":\"2024-09-03T17:22:27+00:00\",\"dateModified\":\"2024-09-03T19:01:18+00:00\",\"breadcrumb\":{\"@id\":\"https:\\\/\\\/jsworld.fi\\\/2024\\\/?page_id=147#breadcrumb\"},\"inLanguage\":\"en-GB\",\"potentialAction\":[{\"@type\":\"ReadAction\",\"target\":[\"https:\\\/\\\/jsworld.fi\\\/2024\\\/?page_id=147\"]}]},{\"@type\":\"ImageObject\",\"inLanguage\":\"en-GB\",\"@id\":\"https:\\\/\\\/jsworld.fi\\\/2024\\\/?page_id=147#primaryimage\",\"url\":\"https:\\\/\\\/jsworld.fi\\\/2024\\\/wp-content\\\/uploads\\\/2024\\\/09\\\/petrakinnula_content.jpg\",\"contentUrl\":\"https:\\\/\\\/jsworld.fi\\\/2024\\\/wp-content\\\/uploads\\\/2024\\\/09\\\/petrakinnula_content.jpg\",\"width\":414,\"height\":414},{\"@type\":\"BreadcrumbList\",\"@id\":\"https:\\\/\\\/jsworld.fi\\\/2024\\\/?page_id=147#breadcrumb\",\"itemListElement\":[{\"@type\":\"ListItem\",\"position\":1,\"name\":\"Etusivu\",\"item\":\"https:\\\/\\\/jsworld.fi\\\/2024\\\/\"},{\"@type\":\"ListItem\",\"position\":2,\"name\":\"Kokemuksia\"}]},{\"@type\":\"WebSite\",\"@id\":\"https:\\\/\\\/jsworld.fi\\\/2024\\\/#website\",\"url\":\"https:\\\/\\\/jsworld.fi\\\/2024\\\/\",\"name\":\"JSWorld\",\"description\":\"Ammattimaista valmennusta vuodesta 1994\",\"publisher\":{\"@id\":\"https:\\\/\\\/jsworld.fi\\\/2024\\\/#organization\"},\"potentialAction\":[{\"@type\":\"SearchAction\",\"target\":{\"@type\":\"EntryPoint\",\"urlTemplate\":\"https:\\\/\\\/jsworld.fi\\\/2024\\\/?s={search_term_string}\"},\"query-input\":{\"@type\":\"PropertyValueSpecification\",\"valueRequired\":true,\"valueName\":\"search_term_string\"}}],\"inLanguage\":\"en-GB\"},{\"@type\":\"Organization\",\"@id\":\"https:\\\/\\\/jsworld.fi\\\/2024\\\/#organization\",\"name\":\"JSWorld\",\"url\":\"https:\\\/\\\/jsworld.fi\\\/2024\\\/\",\"logo\":{\"@type\":\"ImageObject\",\"inLanguage\":\"en-GB\",\"@id\":\"https:\\\/\\\/jsworld.fi\\\/2024\\\/#\\\/schema\\\/logo\\\/image\\\/\",\"url\":\"https:\\\/\\\/jsworld.fi\\\/2024\\\/wp-content\\\/uploads\\\/2024\\\/08\\\/LOGO-JS-WORLD-2024.png\",\"contentUrl\":\"https:\\\/\\\/jsworld.fi\\\/2024\\\/wp-content\\\/uploads\\\/2024\\\/08\\\/LOGO-JS-WORLD-2024.png\",\"width\":300,\"height\":120,\"caption\":\"JSWorld\"},\"image\":{\"@id\":\"https:\\\/\\\/jsworld.fi\\\/2024\\\/#\\\/schema\\\/logo\\\/image\\\/\"},\"sameAs\":[\"https:\\\/\\\/www.facebook.com\\\/JSWorldPersonalTraining\\\/\",\"https:\\\/\\\/www.instagram.com\\\/janne.sarmakari\\\/\"]}]}<\/script>\n<!-- \/ Yoast SEO plugin. -->","yoast_head_json":{"title":"Kokemuksia -","robots":{"index":"index","follow":"follow","max-snippet":"max-snippet:-1","max-image-preview":"max-image-preview:large","max-video-preview":"max-video-preview:-1"},"canonical":"https:\/\/jsworld.fi\/2024\/?page_id=147","og_locale":"en_GB","og_type":"article","og_title":"Kokemuksia -","og_description":"Petra tiputti 50 kiloa 50 viikossa! &#8220;Suurin saavutukseni on se, ett\u00e4 olen onnistunut pit\u00e4m\u00e4\u00e4n uudet el\u00e4m\u00e4ntavat ja paino ei ole noussut 2,5 vuotta muutoksen aloittamisen j\u00e4lkeen. Ilman Janne S\u00e4rm\u00e4karin apua en olisi pystynyt muuttamaan el\u00e4m\u00e4ntapojani pysyv\u00e4sti!&#8221; Petra Kinnula (linkki) Yksityishenkil\u00f6 Yrityksemme on k\u00e4ytt\u00e4nyt Janne S\u00e4rm\u00e4karin tuottamia PT-palveluita usean vuoden ajan. Janne on positiivinen ja innostava [&hellip;]","og_url":"https:\/\/jsworld.fi\/2024\/?page_id=147","article_publisher":"https:\/\/www.facebook.com\/JSWorldPersonalTraining\/","article_modified_time":"2024-09-03T19:01:18+00:00","og_image":[{"url":"https:\/\/jsworld.fi\/2024\/wp-content\/uploads\/2024\/09\/petrakinnula_content.jpg","type":"","width":"","height":""}],"twitter_card":"summary_large_image","twitter_misc":{"Estimated reading time":"2 minutes"},"schema":{"@context":"https:\/\/schema.org","@graph":[{"@type":"WebPage","@id":"https:\/\/jsworld.fi\/2024\/?page_id=147","url":"https:\/\/jsworld.fi\/2024\/?page_id=147","name":"Kokemuksia -","isPartOf":{"@id":"https:\/\/jsworld.fi\/2024\/#website"},"primaryImageOfPage":{"@id":"https:\/\/jsworld.fi\/2024\/?page_id=147#primaryimage"},"image":{"@id":"https:\/\/jsworld.fi\/2024\/?page_id=147#primaryimage"},"thumbnailUrl":"https:\/\/jsworld.fi\/2024\/wp-content\/uploads\/2024\/09\/petrakinnula_content.jpg","datePublished":"2024-09-03T17:22:27+00:00","dateModified":"2024-09-03T19:01:18+00:00","breadcrumb":{"@id":"https:\/\/jsworld.fi\/2024\/?page_id=147#breadcrumb"},"inLanguage":"en-GB","potentialAction":[{"@type":"ReadAction","target":["https:\/\/jsworld.fi\/2024\/?page_id=147"]}]},{"@type":"ImageObject","inLanguage":"en-GB","@id":"https:\/\/jsworld.fi\/2024\/?page_id=147#primaryimage","url":"https:\/\/jsworld.fi\/2024\/wp-content\/uploads\/2024\/09\/petrakinnula_content.jpg","contentUrl":"https:\/\/jsworld.fi\/2024\/wp-content\/uploads\/2024\/09\/petrakinnula_content.jpg","width":414,"height":414},{"@type":"BreadcrumbList","@id":"https:\/\/jsworld.fi\/2024\/?page_id=147#breadcrumb","itemListElement":[{"@type":"ListItem","position":1,"name":"Etusivu","item":"https:\/\/jsworld.fi\/2024\/"},{"@type":"ListItem","position":2,"name":"Kokemuksia"}]},{"@type":"WebSite","@id":"https:\/\/jsworld.fi\/2024\/#website","url":"https:\/\/jsworld.fi\/2024\/","name":"JSWorld","description":"Ammattimaista valmennusta vuodesta 1994","publisher":{"@id":"https:\/\/jsworld.fi\/2024\/#organization"},"potentialAction":[{"@type":"SearchAction","target":{"@type":"EntryPoint","urlTemplate":"https:\/\/jsworld.fi\/2024\/?s={search_term_string}"},"query-input":{"@type":"PropertyValueSpecification","valueRequired":true,"valueName":"search_term_string"}}],"inLanguage":"en-GB"},{"@type":"Organization","@id":"https:\/\/jsworld.fi\/2024\/#organization","name":"JSWorld","url":"https:\/\/jsworld.fi\/2024\/","logo":{"@type":"ImageObject","inLanguage":"en-GB","@id":"https:\/\/jsworld.fi\/2024\/#\/schema\/logo\/image\/","url":"https:\/\/jsworld.fi\/2024\/wp-content\/uploads\/2024\/08\/LOGO-JS-WORLD-2024.png","contentUrl":"https:\/\/jsworld.fi\/2024\/wp-content\/uploads\/2024\/08\/LOGO-JS-WORLD-2024.png","width":300,"height":120,"caption":"JSWorld"},"image":{"@id":"https:\/\/jsworld.fi\/2024\/#\/schema\/logo\/image\/"},"sameAs":["https:\/\/www.facebook.com\/JSWorldPersonalTraining\/","https:\/\/www.instagram.com\/janne.sarmakari\/"]}]}},"_links":{"self":[{"href":"https:\/\/jsworld.fi\/2024\/index.php?rest_route=\/wp\/v2\/pages\/147","targetHints":{"allow":["GET"]}}],"collection":[{"href":"https:\/\/jsworld.fi\/2024\/index.php?rest_route=\/wp\/v2\/pages"}],"about":[{"href":"https:\/\/jsworld.fi\/2024\/index.php?rest_route=\/wp\/v2\/types\/page"}],"author":[{"embeddable":true,"href":"https:\/\/jsworld.fi\/2024\/index.php?rest_route=\/wp\/v2\/users\/1"}],"replies":[{"embeddable":true,"href":"https:\/\/jsworld.fi\/2024\/index.php?rest_route=%2Fwp%2Fv2%2Fcomments&post=147"}],"version-history":[{"count":40,"href":"https:\/\/jsworld.fi\/2024\/index.php?rest_route=\/wp\/v2\/pages\/147\/revisions"}],"predecessor-version":[{"id":208,"href":"https:\/\/jsworld.fi\/2024\/index.php?rest_route=\/wp\/v2\/pages\/147\/revisions\/208"}],"wp:attachment":[{"href":"https:\/\/jsworld.fi\/2024\/index.php?rest_route=%2Fwp%2Fv2%2Fmedia&parent=147"}],"curies":[{"name":"wp","href":"https:\/\/api.w.org\/{rel}","templated":true}]}}