{"id":101,"date":"2024-08-28T15:03:53","date_gmt":"2024-08-28T15:03:53","guid":{"rendered":"https:\/\/jsworld.fi\/2024\/?page_id=101"},"modified":"2024-08-31T06:39:18","modified_gmt":"2024-08-31T06:39:18","slug":"hinnasto","status":"publish","type":"page","link":"https:\/\/jsworld.fi\/2024\/?page_id=101","title":{"rendered":"Hinnasto"},"content":{"rendered":"\t\t<div data-elementor-type=\"wp-page\" data-elementor-id=\"101\" class=\"elementor elementor-101\">\n\t\t\t\t<div class=\"elementor-element elementor-element-37a2209 e-flex e-con-boxed e-con e-parent\" data-id=\"37a2209\" data-element_type=\"container\" data-e-type=\"container\">\n\t\t\t\t\t<div class=\"e-con-inner\">\n\t\t\t\t<div class=\"elementor-element elementor-element-b0a8858 elementor-widget elementor-widget-image\" data-id=\"b0a8858\" data-element_type=\"widget\" data-e-type=\"widget\" data-widget_type=\"image.default\">\n\t\t\t\t<div class=\"elementor-widget-container\">\n\t\t\t\t\t\t\t\t\t\t\t\t\t\t\t<img fetchpriority=\"high\" decoding=\"async\" width=\"960\" height=\"604\" src=\"https:\/\/jsworld.fi\/2024\/wp-content\/uploads\/2024\/08\/jsworld-personal-training.jpg\" class=\"attachment-large size-large wp-image-66\" alt=\"\" srcset=\"https:\/\/jsworld.fi\/2024\/wp-content\/uploads\/2024\/08\/jsworld-personal-training.jpg 960w, https:\/\/jsworld.fi\/2024\/wp-content\/uploads\/2024\/08\/jsworld-personal-training-300x189.jpg 300w, https:\/\/jsworld.fi\/2024\/wp-content\/uploads\/2024\/08\/jsworld-personal-training-768x483.jpg 768w\" sizes=\"(max-width: 960px) 100vw, 960px\" \/>\t\t\t\t\t\t\t\t\t\t\t\t\t\t\t<\/div>\n\t\t\t\t<\/div>\n\t\t\t\t<div class=\"elementor-element elementor-element-a8dca72 elementor-widget elementor-widget-accordion\" data-id=\"a8dca72\" data-element_type=\"widget\" data-e-type=\"widget\" data-widget_type=\"accordion.default\">\n\t\t\t\t<div class=\"elementor-widget-container\">\n\t\t\t\t\t\t\t<div class=\"elementor-accordion\">\n\t\t\t\t\t\t\t<div class=\"elementor-accordion-item\">\n\t\t\t\t\t<div id=\"elementor-tab-title-1771\" class=\"elementor-tab-title\" data-tab=\"1\" role=\"button\" aria-controls=\"elementor-tab-content-1771\" aria-expanded=\"false\">\n\t\t\t\t\t\t\t\t\t\t\t\t\t<span class=\"elementor-accordion-icon elementor-accordion-icon-left\" aria-hidden=\"true\">\n\t\t\t\t\t\t\t\t\t\t\t\t\t\t\t<span class=\"elementor-accordion-icon-closed\"><svg class=\"e-font-icon-svg e-fas-chevron-down\" viewBox=\"0 0 448 512\" xmlns=\"http:\/\/www.w3.org\/2000\/svg\"><path d=\"M207.029 381.476L12.686 187.132c-9.373-9.373-9.373-24.569 0-33.941l22.667-22.667c9.357-9.357 24.522-9.375 33.901-.04L224 284.505l154.745-154.021c9.379-9.335 24.544-9.317 33.901.04l22.667 22.667c9.373 9.373 9.373 24.569 0 33.941L240.971 381.476c-9.373 9.372-24.569 9.372-33.942 0z\"><\/path><\/svg><\/span>\n\t\t\t\t\t\t\t\t<span class=\"elementor-accordion-icon-opened\"><svg class=\"e-font-icon-svg e-fas-minus\" viewBox=\"0 0 448 512\" xmlns=\"http:\/\/www.w3.org\/2000\/svg\"><path d=\"M416 208H32c-17.67 0-32 14.33-32 32v32c0 17.67 14.33 32 32 32h384c17.67 0 32-14.33 32-32v-32c0-17.67-14.33-32-32-32z\"><\/path><\/svg><\/span>\n\t\t\t\t\t\t\t\t\t\t\t\t\t\t<\/span>\n\t\t\t\t\t\t\t\t\t\t\t\t<a class=\"elementor-accordion-title\" tabindex=\"0\">Henkil\u00f6kohtainen valmennus<\/a>\n\t\t\t\t\t<\/div>\n\t\t\t\t\t<div id=\"elementor-tab-content-1771\" class=\"elementor-tab-content elementor-clearfix\" data-tab=\"1\" role=\"region\" aria-labelledby=\"elementor-tab-title-1771\"><ul><li>96 \u20ac \/ tunti, 1-2 henkil\u00f6\u00e4<\/li><li>110 \u20ac \/ tunti, 3 henkil\u00f6\u00e4<\/li><\/ul><\/div>\n\t\t\t\t<\/div>\n\t\t\t\t\t\t\t<div class=\"elementor-accordion-item\">\n\t\t\t\t\t<div id=\"elementor-tab-title-1772\" class=\"elementor-tab-title\" data-tab=\"2\" role=\"button\" aria-controls=\"elementor-tab-content-1772\" aria-expanded=\"false\">\n\t\t\t\t\t\t\t\t\t\t\t\t\t<span class=\"elementor-accordion-icon elementor-accordion-icon-left\" aria-hidden=\"true\">\n\t\t\t\t\t\t\t\t\t\t\t\t\t\t\t<span class=\"elementor-accordion-icon-closed\"><svg class=\"e-font-icon-svg e-fas-chevron-down\" viewBox=\"0 0 448 512\" xmlns=\"http:\/\/www.w3.org\/2000\/svg\"><path d=\"M207.029 381.476L12.686 187.132c-9.373-9.373-9.373-24.569 0-33.941l22.667-22.667c9.357-9.357 24.522-9.375 33.901-.04L224 284.505l154.745-154.021c9.379-9.335 24.544-9.317 33.901.04l22.667 22.667c9.373 9.373 9.373 24.569 0 33.941L240.971 381.476c-9.373 9.372-24.569 9.372-33.942 0z\"><\/path><\/svg><\/span>\n\t\t\t\t\t\t\t\t<span class=\"elementor-accordion-icon-opened\"><svg class=\"e-font-icon-svg e-fas-minus\" viewBox=\"0 0 448 512\" xmlns=\"http:\/\/www.w3.org\/2000\/svg\"><path d=\"M416 208H32c-17.67 0-32 14.33-32 32v32c0 17.67 14.33 32 32 32h384c17.67 0 32-14.33 32-32v-32c0-17.67-14.33-32-32-32z\"><\/path><\/svg><\/span>\n\t\t\t\t\t\t\t\t\t\t\t\t\t\t<\/span>\n\t\t\t\t\t\t\t\t\t\t\t\t<a class=\"elementor-accordion-title\" tabindex=\"0\">Ryhm\u00e4valmennukset<\/a>\n\t\t\t\t\t<\/div>\n\t\t\t\t\t<div id=\"elementor-tab-content-1772\" class=\"elementor-tab-content elementor-clearfix\" data-tab=\"2\" role=\"region\" aria-labelledby=\"elementor-tab-title-1772\"><ul><li>Pienryhm\u00e4valmennus 4-6 henkil\u00f6\u00e4,\u00a0<strong>120 \u20ac \/ tunti (sis. alv)<\/strong><\/li><li>Ryhm\u00e4valmennus 6-20 henkil\u00f6\u00e4, <strong>150 \u20ac \/ tunti + alv<\/strong><\/li><\/ul><\/div>\n\t\t\t\t<\/div>\n\t\t\t\t\t\t\t<div class=\"elementor-accordion-item\">\n\t\t\t\t\t<div id=\"elementor-tab-title-1773\" class=\"elementor-tab-title\" data-tab=\"3\" role=\"button\" aria-controls=\"elementor-tab-content-1773\" aria-expanded=\"false\">\n\t\t\t\t\t\t\t\t\t\t\t\t\t<span class=\"elementor-accordion-icon elementor-accordion-icon-left\" aria-hidden=\"true\">\n\t\t\t\t\t\t\t\t\t\t\t\t\t\t\t<span class=\"elementor-accordion-icon-closed\"><svg class=\"e-font-icon-svg e-fas-chevron-down\" viewBox=\"0 0 448 512\" xmlns=\"http:\/\/www.w3.org\/2000\/svg\"><path d=\"M207.029 381.476L12.686 187.132c-9.373-9.373-9.373-24.569 0-33.941l22.667-22.667c9.357-9.357 24.522-9.375 33.901-.04L224 284.505l154.745-154.021c9.379-9.335 24.544-9.317 33.901.04l22.667 22.667c9.373 9.373 9.373 24.569 0 33.941L240.971 381.476c-9.373 9.372-24.569 9.372-33.942 0z\"><\/path><\/svg><\/span>\n\t\t\t\t\t\t\t\t<span class=\"elementor-accordion-icon-opened\"><svg class=\"e-font-icon-svg e-fas-minus\" viewBox=\"0 0 448 512\" xmlns=\"http:\/\/www.w3.org\/2000\/svg\"><path d=\"M416 208H32c-17.67 0-32 14.33-32 32v32c0 17.67 14.33 32 32 32h384c17.67 0 32-14.33 32-32v-32c0-17.67-14.33-32-32-32z\"><\/path><\/svg><\/span>\n\t\t\t\t\t\t\t\t\t\t\t\t\t\t<\/span>\n\t\t\t\t\t\t\t\t\t\t\t\t<a class=\"elementor-accordion-title\" tabindex=\"0\">Ravintovalmennukset<\/a>\n\t\t\t\t\t<\/div>\n\t\t\t\t\t<div id=\"elementor-tab-content-1773\" class=\"elementor-tab-content elementor-clearfix\" data-tab=\"3\" role=\"region\" aria-labelledby=\"elementor-tab-title-1773\"><ol><li>Ravintovalmennus pit\u00e4\u00e4 sis\u00e4ll\u00e4\u00e4n: tapaamisen, jossa ravintop\u00e4iv\u00e4kirjan purkaminen, plussat ja miinukset sek\u00e4 ravinto-ohjelman ensimm\u00e4isen osan tekeminen ja <strong>2<\/strong>\u00a0x p\u00e4ivitys ravinto-ohjelmaan <strong>240\u20ac<\/strong> (sis. alv)<\/li><li>Ravintovalmennus sis\u00e4lt\u00e4\u00e4: tapaamisen, jossa ravintop\u00e4iv\u00e4kirjan purkaminen, plussat ja miinukset sek\u00e4 ravinto-ohjelman ensimm\u00e4isen osan tekeminen ja\u00a0<strong>5<\/strong>\u00a0x p\u00e4ivitys ravinto-ohjelmaan <strong>340\u20ac<\/strong> (sis. alv)<\/li><li>Online-valmennus, kysy tarjous yhteydenottolomakkeella!<img decoding=\"async\" class=\"alignnone size-medium wp-image-102\" src=\"https:\/\/jsworld.fi\/2024\/wp-content\/uploads\/2024\/08\/jsworld-ravintovalmennus-300x200.jpg\" alt=\"\" width=\"300\" height=\"200\" srcset=\"https:\/\/jsworld.fi\/2024\/wp-content\/uploads\/2024\/08\/jsworld-ravintovalmennus-300x200.jpg 300w, https:\/\/jsworld.fi\/2024\/wp-content\/uploads\/2024\/08\/jsworld-ravintovalmennus-768x513.jpg 768w, https:\/\/jsworld.fi\/2024\/wp-content\/uploads\/2024\/08\/jsworld-ravintovalmennus.jpg 848w\" sizes=\"(max-width: 300px) 100vw, 300px\" \/><\/li><\/ol><\/div>\n\t\t\t\t<\/div>\n\t\t\t\t\t\t\t<div class=\"elementor-accordion-item\">\n\t\t\t\t\t<div id=\"elementor-tab-title-1774\" class=\"elementor-tab-title\" data-tab=\"4\" role=\"button\" aria-controls=\"elementor-tab-content-1774\" aria-expanded=\"false\">\n\t\t\t\t\t\t\t\t\t\t\t\t\t<span class=\"elementor-accordion-icon elementor-accordion-icon-left\" aria-hidden=\"true\">\n\t\t\t\t\t\t\t\t\t\t\t\t\t\t\t<span class=\"elementor-accordion-icon-closed\"><svg class=\"e-font-icon-svg e-fas-chevron-down\" viewBox=\"0 0 448 512\" xmlns=\"http:\/\/www.w3.org\/2000\/svg\"><path d=\"M207.029 381.476L12.686 187.132c-9.373-9.373-9.373-24.569 0-33.941l22.667-22.667c9.357-9.357 24.522-9.375 33.901-.04L224 284.505l154.745-154.021c9.379-9.335 24.544-9.317 33.901.04l22.667 22.667c9.373 9.373 9.373 24.569 0 33.941L240.971 381.476c-9.373 9.372-24.569 9.372-33.942 0z\"><\/path><\/svg><\/span>\n\t\t\t\t\t\t\t\t<span class=\"elementor-accordion-icon-opened\"><svg class=\"e-font-icon-svg e-fas-minus\" viewBox=\"0 0 448 512\" xmlns=\"http:\/\/www.w3.org\/2000\/svg\"><path d=\"M416 208H32c-17.67 0-32 14.33-32 32v32c0 17.67 14.33 32 32 32h384c17.67 0 32-14.33 32-32v-32c0-17.67-14.33-32-32-32z\"><\/path><\/svg><\/span>\n\t\t\t\t\t\t\t\t\t\t\t\t\t\t<\/span>\n\t\t\t\t\t\t\t\t\t\t\t\t<a class=\"elementor-accordion-title\" tabindex=\"0\">Yritysvalmennukset<\/a>\n\t\t\t\t\t<\/div>\n\t\t\t\t\t<div id=\"elementor-tab-content-1774\" class=\"elementor-tab-content elementor-clearfix\" data-tab=\"4\" role=\"region\" aria-labelledby=\"elementor-tab-title-1774\"><ul><li>Tyky-p\u00e4iv\u00e4t<\/li><li>Kes\u00e4p\u00e4iv\u00e4t<\/li><li>S\u00e4\u00e4nn\u00f6lliset jumpat<\/li><li>Luennot<\/li><li>Kysy lis\u00e4\u00e4 yhteydenottolomakkeella!<\/li><\/ul><\/div>\n\t\t\t\t<\/div>\n\t\t\t\t\t\t\t<div class=\"elementor-accordion-item\">\n\t\t\t\t\t<div id=\"elementor-tab-title-1775\" class=\"elementor-tab-title\" data-tab=\"5\" role=\"button\" aria-controls=\"elementor-tab-content-1775\" aria-expanded=\"false\">\n\t\t\t\t\t\t\t\t\t\t\t\t\t<span class=\"elementor-accordion-icon elementor-accordion-icon-left\" aria-hidden=\"true\">\n\t\t\t\t\t\t\t\t\t\t\t\t\t\t\t<span class=\"elementor-accordion-icon-closed\"><svg class=\"e-font-icon-svg e-fas-chevron-down\" viewBox=\"0 0 448 512\" xmlns=\"http:\/\/www.w3.org\/2000\/svg\"><path d=\"M207.029 381.476L12.686 187.132c-9.373-9.373-9.373-24.569 0-33.941l22.667-22.667c9.357-9.357 24.522-9.375 33.901-.04L224 284.505l154.745-154.021c9.379-9.335 24.544-9.317 33.901.04l22.667 22.667c9.373 9.373 9.373 24.569 0 33.941L240.971 381.476c-9.373 9.372-24.569 9.372-33.942 0z\"><\/path><\/svg><\/span>\n\t\t\t\t\t\t\t\t<span class=\"elementor-accordion-icon-opened\"><svg class=\"e-font-icon-svg e-fas-minus\" viewBox=\"0 0 448 512\" xmlns=\"http:\/\/www.w3.org\/2000\/svg\"><path d=\"M416 208H32c-17.67 0-32 14.33-32 32v32c0 17.67 14.33 32 32 32h384c17.67 0 32-14.33 32-32v-32c0-17.67-14.33-32-32-32z\"><\/path><\/svg><\/span>\n\t\t\t\t\t\t\t\t\t\t\t\t\t\t<\/span>\n\t\t\t\t\t\t\t\t\t\t\t\t<a class=\"elementor-accordion-title\" tabindex=\"0\">Kuntotestaukset<\/a>\n\t\t\t\t\t<\/div>\n\t\t\t\t\t<div id=\"elementor-tab-content-1775\" class=\"elementor-tab-content elementor-clearfix\" data-tab=\"5\" role=\"region\" aria-labelledby=\"elementor-tab-title-1775\"><p>Kuntotestaukset ja mittaukset.<\/p><p>Inbody720 kehonkoostumusmittaus. <strong>39\u20ac<\/strong><\/p><\/div>\n\t\t\t\t<\/div>\n\t\t\t\t\t\t\t\t<\/div>\n\t\t\t\t\t\t<\/div>\n\t\t\t\t<\/div>\n\t\t\t\t\t<\/div>\n\t\t\t\t<\/div>\n\t\t\t\t<\/div>\n\t\t","protected":false},"excerpt":{"rendered":"<p>Henkil\u00f6kohtainen valmennus 96 \u20ac \/ tunti, 1-2 henkil\u00f6\u00e4 110 \u20ac \/ tunti, 3 henkil\u00f6\u00e4 Ryhm\u00e4valmennukset Pienryhm\u00e4valmennus 4-6 henkil\u00f6\u00e4,\u00a0120 \u20ac \/ tunti (sis. alv) Ryhm\u00e4valmennus 6-20 henkil\u00f6\u00e4, 150 \u20ac \/ tunti + alv Ravintovalmennukset Ravintovalmennus pit\u00e4\u00e4 sis\u00e4ll\u00e4\u00e4n: tapaamisen, jossa ravintop\u00e4iv\u00e4kirjan purkaminen, plussat ja miinukset sek\u00e4 ravinto-ohjelman ensimm\u00e4isen osan tekeminen ja 2\u00a0x p\u00e4ivitys ravinto-ohjelmaan 240\u20ac (sis. alv) [&hellip;]<\/p>\n","protected":false},"author":1,"featured_media":0,"parent":0,"menu_order":0,"comment_status":"closed","ping_status":"closed","template":"","meta":{"footnotes":""},"class_list":["post-101","page","type-page","status-publish","hentry"],"yoast_head":"<!-- This site is optimized with the Yoast SEO plugin v27.5 - https:\/\/yoast.com\/product\/yoast-seo-wordpress\/ -->\n<title>Hinnasto -<\/title>\n<meta name=\"robots\" content=\"index, follow, max-snippet:-1, max-image-preview:large, max-video-preview:-1\" \/>\n<link rel=\"canonical\" href=\"https:\/\/jsworld.fi\/2024\/?page_id=101\" \/>\n<meta property=\"og:locale\" content=\"en_GB\" \/>\n<meta property=\"og:type\" content=\"article\" \/>\n<meta property=\"og:title\" content=\"Hinnasto -\" \/>\n<meta property=\"og:description\" content=\"Henkil\u00f6kohtainen valmennus 96 \u20ac \/ tunti, 1-2 henkil\u00f6\u00e4 110 \u20ac \/ tunti, 3 henkil\u00f6\u00e4 Ryhm\u00e4valmennukset Pienryhm\u00e4valmennus 4-6 henkil\u00f6\u00e4,\u00a0120 \u20ac \/ tunti (sis. alv) Ryhm\u00e4valmennus 6-20 henkil\u00f6\u00e4, 150 \u20ac \/ tunti + alv Ravintovalmennukset Ravintovalmennus pit\u00e4\u00e4 sis\u00e4ll\u00e4\u00e4n: tapaamisen, jossa ravintop\u00e4iv\u00e4kirjan purkaminen, plussat ja miinukset sek\u00e4 ravinto-ohjelman ensimm\u00e4isen osan tekeminen ja 2\u00a0x p\u00e4ivitys ravinto-ohjelmaan 240\u20ac (sis. alv) [&hellip;]\" \/>\n<meta property=\"og:url\" content=\"https:\/\/jsworld.fi\/2024\/?page_id=101\" \/>\n<meta property=\"article:publisher\" content=\"https:\/\/www.facebook.com\/JSWorldPersonalTraining\/\" \/>\n<meta property=\"article:modified_time\" content=\"2024-08-31T06:39:18+00:00\" \/>\n<meta property=\"og:image\" content=\"https:\/\/jsworld.fi\/2024\/wp-content\/uploads\/2024\/08\/jsworld-personal-training.jpg\" \/>\n<meta name=\"twitter:card\" content=\"summary_large_image\" \/>\n<meta name=\"twitter:label1\" content=\"Estimated reading time\" \/>\n\t<meta name=\"twitter:data1\" content=\"3 minutes\" \/>\n<script type=\"application\/ld+json\" class=\"yoast-schema-graph\">{\"@context\":\"https:\\\/\\\/schema.org\",\"@graph\":[{\"@type\":\"WebPage\",\"@id\":\"https:\\\/\\\/jsworld.fi\\\/2024\\\/?page_id=101\",\"url\":\"https:\\\/\\\/jsworld.fi\\\/2024\\\/?page_id=101\",\"name\":\"Hinnasto -\",\"isPartOf\":{\"@id\":\"https:\\\/\\\/jsworld.fi\\\/2024\\\/#website\"},\"primaryImageOfPage\":{\"@id\":\"https:\\\/\\\/jsworld.fi\\\/2024\\\/?page_id=101#primaryimage\"},\"image\":{\"@id\":\"https:\\\/\\\/jsworld.fi\\\/2024\\\/?page_id=101#primaryimage\"},\"thumbnailUrl\":\"https:\\\/\\\/jsworld.fi\\\/2024\\\/wp-content\\\/uploads\\\/2024\\\/08\\\/jsworld-personal-training.jpg\",\"datePublished\":\"2024-08-28T15:03:53+00:00\",\"dateModified\":\"2024-08-31T06:39:18+00:00\",\"breadcrumb\":{\"@id\":\"https:\\\/\\\/jsworld.fi\\\/2024\\\/?page_id=101#breadcrumb\"},\"inLanguage\":\"en-GB\",\"potentialAction\":[{\"@type\":\"ReadAction\",\"target\":[\"https:\\\/\\\/jsworld.fi\\\/2024\\\/?page_id=101\"]}]},{\"@type\":\"ImageObject\",\"inLanguage\":\"en-GB\",\"@id\":\"https:\\\/\\\/jsworld.fi\\\/2024\\\/?page_id=101#primaryimage\",\"url\":\"https:\\\/\\\/jsworld.fi\\\/2024\\\/wp-content\\\/uploads\\\/2024\\\/08\\\/jsworld-personal-training.jpg\",\"contentUrl\":\"https:\\\/\\\/jsworld.fi\\\/2024\\\/wp-content\\\/uploads\\\/2024\\\/08\\\/jsworld-personal-training.jpg\",\"width\":960,\"height\":604},{\"@type\":\"BreadcrumbList\",\"@id\":\"https:\\\/\\\/jsworld.fi\\\/2024\\\/?page_id=101#breadcrumb\",\"itemListElement\":[{\"@type\":\"ListItem\",\"position\":1,\"name\":\"Etusivu\",\"item\":\"https:\\\/\\\/jsworld.fi\\\/2024\\\/\"},{\"@type\":\"ListItem\",\"position\":2,\"name\":\"Hinnasto\"}]},{\"@type\":\"WebSite\",\"@id\":\"https:\\\/\\\/jsworld.fi\\\/2024\\\/#website\",\"url\":\"https:\\\/\\\/jsworld.fi\\\/2024\\\/\",\"name\":\"JSWorld\",\"description\":\"Ammattimaista valmennusta vuodesta 1994\",\"publisher\":{\"@id\":\"https:\\\/\\\/jsworld.fi\\\/2024\\\/#organization\"},\"potentialAction\":[{\"@type\":\"SearchAction\",\"target\":{\"@type\":\"EntryPoint\",\"urlTemplate\":\"https:\\\/\\\/jsworld.fi\\\/2024\\\/?s={search_term_string}\"},\"query-input\":{\"@type\":\"PropertyValueSpecification\",\"valueRequired\":true,\"valueName\":\"search_term_string\"}}],\"inLanguage\":\"en-GB\"},{\"@type\":\"Organization\",\"@id\":\"https:\\\/\\\/jsworld.fi\\\/2024\\\/#organization\",\"name\":\"JSWorld\",\"url\":\"https:\\\/\\\/jsworld.fi\\\/2024\\\/\",\"logo\":{\"@type\":\"ImageObject\",\"inLanguage\":\"en-GB\",\"@id\":\"https:\\\/\\\/jsworld.fi\\\/2024\\\/#\\\/schema\\\/logo\\\/image\\\/\",\"url\":\"https:\\\/\\\/jsworld.fi\\\/2024\\\/wp-content\\\/uploads\\\/2024\\\/08\\\/LOGO-JS-WORLD-2024.png\",\"contentUrl\":\"https:\\\/\\\/jsworld.fi\\\/2024\\\/wp-content\\\/uploads\\\/2024\\\/08\\\/LOGO-JS-WORLD-2024.png\",\"width\":300,\"height\":120,\"caption\":\"JSWorld\"},\"image\":{\"@id\":\"https:\\\/\\\/jsworld.fi\\\/2024\\\/#\\\/schema\\\/logo\\\/image\\\/\"},\"sameAs\":[\"https:\\\/\\\/www.facebook.com\\\/JSWorldPersonalTraining\\\/\",\"https:\\\/\\\/www.instagram.com\\\/janne.sarmakari\\\/\"]}]}<\/script>\n<!-- \/ Yoast SEO plugin. -->","yoast_head_json":{"title":"Hinnasto -","robots":{"index":"index","follow":"follow","max-snippet":"max-snippet:-1","max-image-preview":"max-image-preview:large","max-video-preview":"max-video-preview:-1"},"canonical":"https:\/\/jsworld.fi\/2024\/?page_id=101","og_locale":"en_GB","og_type":"article","og_title":"Hinnasto -","og_description":"Henkil\u00f6kohtainen valmennus 96 \u20ac \/ tunti, 1-2 henkil\u00f6\u00e4 110 \u20ac \/ tunti, 3 henkil\u00f6\u00e4 Ryhm\u00e4valmennukset Pienryhm\u00e4valmennus 4-6 henkil\u00f6\u00e4,\u00a0120 \u20ac \/ tunti (sis. alv) Ryhm\u00e4valmennus 6-20 henkil\u00f6\u00e4, 150 \u20ac \/ tunti + alv Ravintovalmennukset Ravintovalmennus pit\u00e4\u00e4 sis\u00e4ll\u00e4\u00e4n: tapaamisen, jossa ravintop\u00e4iv\u00e4kirjan purkaminen, plussat ja miinukset sek\u00e4 ravinto-ohjelman ensimm\u00e4isen osan tekeminen ja 2\u00a0x p\u00e4ivitys ravinto-ohjelmaan 240\u20ac (sis. alv) [&hellip;]","og_url":"https:\/\/jsworld.fi\/2024\/?page_id=101","article_publisher":"https:\/\/www.facebook.com\/JSWorldPersonalTraining\/","article_modified_time":"2024-08-31T06:39:18+00:00","og_image":[{"url":"https:\/\/jsworld.fi\/2024\/wp-content\/uploads\/2024\/08\/jsworld-personal-training.jpg","type":"","width":"","height":""}],"twitter_card":"summary_large_image","twitter_misc":{"Estimated reading time":"3 minutes"},"schema":{"@context":"https:\/\/schema.org","@graph":[{"@type":"WebPage","@id":"https:\/\/jsworld.fi\/2024\/?page_id=101","url":"https:\/\/jsworld.fi\/2024\/?page_id=101","name":"Hinnasto -","isPartOf":{"@id":"https:\/\/jsworld.fi\/2024\/#website"},"primaryImageOfPage":{"@id":"https:\/\/jsworld.fi\/2024\/?page_id=101#primaryimage"},"image":{"@id":"https:\/\/jsworld.fi\/2024\/?page_id=101#primaryimage"},"thumbnailUrl":"https:\/\/jsworld.fi\/2024\/wp-content\/uploads\/2024\/08\/jsworld-personal-training.jpg","datePublished":"2024-08-28T15:03:53+00:00","dateModified":"2024-08-31T06:39:18+00:00","breadcrumb":{"@id":"https:\/\/jsworld.fi\/2024\/?page_id=101#breadcrumb"},"inLanguage":"en-GB","potentialAction":[{"@type":"ReadAction","target":["https:\/\/jsworld.fi\/2024\/?page_id=101"]}]},{"@type":"ImageObject","inLanguage":"en-GB","@id":"https:\/\/jsworld.fi\/2024\/?page_id=101#primaryimage","url":"https:\/\/jsworld.fi\/2024\/wp-content\/uploads\/2024\/08\/jsworld-personal-training.jpg","contentUrl":"https:\/\/jsworld.fi\/2024\/wp-content\/uploads\/2024\/08\/jsworld-personal-training.jpg","width":960,"height":604},{"@type":"BreadcrumbList","@id":"https:\/\/jsworld.fi\/2024\/?page_id=101#breadcrumb","itemListElement":[{"@type":"ListItem","position":1,"name":"Etusivu","item":"https:\/\/jsworld.fi\/2024\/"},{"@type":"ListItem","position":2,"name":"Hinnasto"}]},{"@type":"WebSite","@id":"https:\/\/jsworld.fi\/2024\/#website","url":"https:\/\/jsworld.fi\/2024\/","name":"JSWorld","description":"Ammattimaista valmennusta vuodesta 1994","publisher":{"@id":"https:\/\/jsworld.fi\/2024\/#organization"},"potentialAction":[{"@type":"SearchAction","target":{"@type":"EntryPoint","urlTemplate":"https:\/\/jsworld.fi\/2024\/?s={search_term_string}"},"query-input":{"@type":"PropertyValueSpecification","valueRequired":true,"valueName":"search_term_string"}}],"inLanguage":"en-GB"},{"@type":"Organization","@id":"https:\/\/jsworld.fi\/2024\/#organization","name":"JSWorld","url":"https:\/\/jsworld.fi\/2024\/","logo":{"@type":"ImageObject","inLanguage":"en-GB","@id":"https:\/\/jsworld.fi\/2024\/#\/schema\/logo\/image\/","url":"https:\/\/jsworld.fi\/2024\/wp-content\/uploads\/2024\/08\/LOGO-JS-WORLD-2024.png","contentUrl":"https:\/\/jsworld.fi\/2024\/wp-content\/uploads\/2024\/08\/LOGO-JS-WORLD-2024.png","width":300,"height":120,"caption":"JSWorld"},"image":{"@id":"https:\/\/jsworld.fi\/2024\/#\/schema\/logo\/image\/"},"sameAs":["https:\/\/www.facebook.com\/JSWorldPersonalTraining\/","https:\/\/www.instagram.com\/janne.sarmakari\/"]}]}},"_links":{"self":[{"href":"https:\/\/jsworld.fi\/2024\/index.php?rest_route=\/wp\/v2\/pages\/101","targetHints":{"allow":["GET"]}}],"collection":[{"href":"https:\/\/jsworld.fi\/2024\/index.php?rest_route=\/wp\/v2\/pages"}],"about":[{"href":"https:\/\/jsworld.fi\/2024\/index.php?rest_route=\/wp\/v2\/types\/page"}],"author":[{"embeddable":true,"href":"https:\/\/jsworld.fi\/2024\/index.php?rest_route=\/wp\/v2\/users\/1"}],"replies":[{"embeddable":true,"href":"https:\/\/jsworld.fi\/2024\/index.php?rest_route=%2Fwp%2Fv2%2Fcomments&post=101"}],"version-history":[{"count":15,"href":"https:\/\/jsworld.fi\/2024\/index.php?rest_route=\/wp\/v2\/pages\/101\/revisions"}],"predecessor-version":[{"id":122,"href":"https:\/\/jsworld.fi\/2024\/index.php?rest_route=\/wp\/v2\/pages\/101\/revisions\/122"}],"wp:attachment":[{"href":"https:\/\/jsworld.fi\/2024\/index.php?rest_route=%2Fwp%2Fv2%2Fmedia&parent=101"}],"curies":[{"name":"wp","href":"https:\/\/api.w.org\/{rel}","templated":true}]}}